{"id":452,"date":"2022-08-12T14:38:42","date_gmt":"2022-08-12T14:38:42","guid":{"rendered":"https:\/\/af-ri.fr\/?page_id=452"},"modified":"2022-09-01T08:07:31","modified_gmt":"2022-09-01T08:07:31","slug":"mentions-legales","status":"publish","type":"page","link":"https:\/\/af-ri.fr\/?page_id=452","title":{"rendered":"Mentions l\u00e9gales"},"content":{"rendered":"\t\t<div data-elementor-type=\"wp-page\" data-elementor-id=\"452\" class=\"elementor elementor-452\">\n\t\t\t\t\t\t<section class=\"elementor-section elementor-top-section elementor-element elementor-element-aa3a4c2 elementor-section-full_width elementor-section-height-min-height elementor-section-height-default elementor-section-items-middle\" data-id=\"aa3a4c2\" data-element_type=\"section\" data-e-type=\"section\" data-settings=\"{&quot;background_background&quot;:&quot;classic&quot;}\">\n\t\t\t\t\t\t<div class=\"elementor-container elementor-column-gap-default\">\n\t\t\t\t\t<div class=\"elementor-column elementor-col-50 elementor-top-column elementor-element elementor-element-88dc548\" data-id=\"88dc548\" data-element_type=\"column\" data-e-type=\"column\">\n\t\t\t<div class=\"elementor-widget-wrap\">\n\t\t\t\t\t\t\t<\/div>\n\t\t<\/div>\n\t\t\t\t<div class=\"elementor-column elementor-col-50 elementor-top-column elementor-element elementor-element-28eb8cd\" data-id=\"28eb8cd\" data-element_type=\"column\" data-e-type=\"column\">\n\t\t\t<div class=\"elementor-widget-wrap elementor-element-populated\">\n\t\t\t\t\t\t<div class=\"elementor-element elementor-element-6a21ae2 elementor-widget elementor-widget-heading\" data-id=\"6a21ae2\" data-element_type=\"widget\" data-e-type=\"widget\" data-widget_type=\"heading.default\">\n\t\t\t\t<div class=\"elementor-widget-container\">\n\t\t\t\t\t<h1 class=\"elementor-heading-title elementor-size-default\">Mentions l\u00e9gales<\/h1>\t\t\t\t<\/div>\n\t\t\t\t<\/div>\n\t\t\t\t\t<\/div>\n\t\t<\/div>\n\t\t\t\t\t<\/div>\n\t\t<\/section>\n\t\t\t\t<section class=\"elementor-section elementor-top-section elementor-element elementor-element-9fe8f07 elementor-section-boxed elementor-section-height-default elementor-section-height-default\" data-id=\"9fe8f07\" data-element_type=\"section\" data-e-type=\"section\">\n\t\t\t\t\t\t<div class=\"elementor-container elementor-column-gap-default\">\n\t\t\t\t\t<div class=\"elementor-column elementor-col-100 elementor-top-column elementor-element elementor-element-c0d11ae\" data-id=\"c0d11ae\" data-element_type=\"column\" data-e-type=\"column\">\n\t\t\t<div class=\"elementor-widget-wrap elementor-element-populated\">\n\t\t\t\t\t\t<div class=\"elementor-element elementor-element-7dc28cc elementor-widget elementor-widget-text-editor\" data-id=\"7dc28cc\" data-element_type=\"widget\" data-e-type=\"widget\" data-widget_type=\"text-editor.default\">\n\t\t\t\t<div class=\"elementor-widget-container\">\n\t\t\t\t\t\t\t\t\t<p>Conform\u00e9ment aux dispositions des Articles 6-III et 19 de la Loi n\u00b02004-575 du 21 juin 2004 pour la Confiance dans l&rsquo;\u00e9conomie num\u00e9rique, dite L.C.E.N., il est port\u00e9 \u00e0 la connaissance des utilisateurs et visiteurs des solutions (Site web, application mobile, application tablette, et autres services propos\u00e9s) de la soci\u00e9t\u00e9 EOLE CONCEPT SAS les pr\u00e9sentes mentions l\u00e9gales.<br>L\u2019acc\u00e8s et l\u2019utilisation du site de l&rsquo;Association Fran\u00e7aise des Reflexolgoues Ind\u00e9pendants sont soumises aux pr\u00e9sentes \u00ab Mentions l\u00e9gales \u00bb d\u00e9taill\u00e9es ci-apr\u00e8s ainsi qu\u2019aux lois et r\u00e8glement applicables.<br>La connexion, utilisation et acc\u00e8s \u00e0 ces solutions impliquent l\u2019acceptation int\u00e9grale et sans r\u00e9serve de l\u2019utilisateur de toutes les dispositions des pr\u00e9sentes Mentions l\u00e9gales.<\/p>\n<h3>Article 1 : Informations l\u00e9gales<\/h3>\n<p>En vertu de l&rsquo;Article 6 de la Loi n\u00b0 2004-575 du 21 juin 2004 pour la confiance dans l&rsquo;\u00e9conomie num\u00e9rique, il est pr\u00e9cis\u00e9 dans cet article l&rsquo;identit\u00e9 des diff\u00e9rents intervenants dans le cadre de sa r\u00e9alisation et de son suivi.<\/p><p>Le site AFRI est r\u00e9alis\u00e9 par EOLE CONCEPT \u2013 SAS<br>Ayant son si\u00e8ge social \u00e0 l\u2019adresse : 29 Avenue de la Mer, 97 434, Saint-Gilles-Les-Bains (La R\u00e9union)<br>Et immatricul\u00e9e au num\u00e9ro SIRET : 514 079 185 00021<br>Et immatricul\u00e9 au num\u00e9ro RCS : 514 079 185 R.C.S. Saint-denis-de-la-reunion<br>T\u00e9l\u00e9phone : 06 72 66 19 03<br>Adresse email : contact@eole-concept.fr<\/p>\n<p>Ci-apr\u00e8s \u00ab l\u2019\u00e9diteur \u00bb<\/p>\n<p>Directeur de publication<br>Le directeur de publication est : PARERA Laurent<br>Adresse email de contact : contact@eole-concept.fr<\/p>\n<p>Ci-apr\u00e8s \u00ab Directeur de publication \u00bb<\/p>\n<p>H\u00e9bergeur du site<br>Le site af-ri.fr est h\u00e9berg\u00e9 par : FULLSAVE<br>Dont le si\u00e8ge est situ\u00e9 \u00e0 l\u2019adresse suivante : 40 rue du village d\u2019Entreprises, 31670, Lab\u00e8ge<br>T\u00e9l\u00e9phone : 05 62 24 34 18<br>Email : support@fullsave.com<\/p>\n<p>Ci-apr\u00e8s \u00ab h\u00e9bergeur \u00bb<\/p>\n<p>Utilisateurs<br>Sont consid\u00e9r\u00e9s comme utilisateurs tous les internautes qui naviguent, lisent, visionnent et utilisent le site de l&rsquo;AFRI<br>Ci-apr\u00e8s \u00ab Utilisateurs \u00bb<\/p>\n<h3>Article 2 : Accessibilit\u00e9<\/h3>\n<p>Le site af-ri.fr est par principe accessible aux utilisateurs 24\/24h et 7\/7j, sauf interruption, programm\u00e9e ou non, pour les besoins de maintenance ou en cas de force majeure.<br>En cas d&rsquo;impossibilit\u00e9 d&rsquo;acc\u00e8s au&nbsp;<span style=\"color: var( --e-global-color-text ); font-family: var( --e-global-typography-text-font-family ), Sans-serif; font-weight: var( --e-global-typography-text-font-weight ); background-color: var(--ast-global-color-5); font-size: 1rem;\">site af-ri.fr<\/span><span style=\"font-style: inherit; font-weight: inherit; color: var( --e-global-color-text ); font-family: var( --e-global-typography-text-font-family ), Sans-serif; background-color: var(--ast-global-color-5);\">, celui-ci s&rsquo;engage \u00e0 faire son maximum afin d&rsquo;en r\u00e9tablir l&rsquo;acc\u00e8s. La soci\u00e9t\u00e9 EOLE CONCEPT SAS ne saurait \u00eatre tenue pour responsable de tout dommage, quelle qu&rsquo;en soit la nature, r\u00e9sultant de son indisponibilit\u00e9.<\/span><\/p>\n<h3>Article 3 : Loi applicable et juridiction<\/h3>\n<p>Les pr\u00e9sentes Mentions L\u00e9gales sont r\u00e9gies par la loi fran\u00e7aise. En cas de diff\u00e9rend et \u00e0 d\u00e9faut d&rsquo;accord amiable, le litige sera port\u00e9 devant les tribunaux fran\u00e7ais conform\u00e9ment aux r\u00e8gles de comp\u00e9tence en vigueur.<\/p>\n<h3>Article 4 : Contact<\/h3>\n<p>Pour tout signalement de contenus ou d&rsquo;activit\u00e9s illicites, l&rsquo;Utilisateur peut contacter l&rsquo;\u00c9diteur \u00e0 l&rsquo;adresse suivante : contact@eole-concept.fr , ou par courrier recommand\u00e9 avec accus\u00e9 de r\u00e9ception adress\u00e9 \u00e0 l&rsquo;\u00c9diteur aux coordonn\u00e9es pr\u00e9cis\u00e9es dans les pr\u00e9sentes mentions l\u00e9gales.<br>EOLE CONCEPT SAS vous souhaite une excellente navigation !<\/p>\n<p>Le nom de la personne responsable de la publication doit appara\u00eetre dans les mentions l\u00e9gales, ainsi que l&rsquo;adresse et les coordonn\u00e9es compl\u00e8tes. Cela veut dire notamment le t\u00e9l\u00e9phone et l&rsquo;adresse e-mail. D&rsquo;autres informations l\u00e9gales peuvent \u00eatre requises. Veuillez vous rapprocher d&rsquo;un expert pour conna\u00eetre le d\u00e9tail des informations n\u00e9cessaires \u00e0 fournir pour votre site&nbsp;<\/p>\t\t\t\t\t\t\t\t<\/div>\n\t\t\t\t<\/div>\n\t\t\t\t\t<\/div>\n\t\t<\/div>\n\t\t\t\t\t<\/div>\n\t\t<\/section>\n\t\t\t\t<\/div>\n\t\t","protected":false},"excerpt":{"rendered":"<p>Mentions l\u00e9gales Conform\u00e9ment aux dispositions des Articles 6-III et 19 de la Loi n\u00b02004-575 du 21 juin 2004 pour la Confiance dans l&rsquo;\u00e9conomie num\u00e9rique, dite L.C.E.N., il est port\u00e9 \u00e0 la connaissance des utilisateurs et visiteurs des solutions (Site web, application mobile, application tablette, et autres services propos\u00e9s) de la soci\u00e9t\u00e9 EOLE CONCEPT SAS les &hellip;<\/p>\n<p class=\"read-more\"> <a class=\"\" href=\"https:\/\/af-ri.fr\/?page_id=452\"> <span class=\"screen-reader-text\">Mentions l\u00e9gales<\/span> Lire la suite\u00a0\u00bb<\/a><\/p>\n","protected":false},"author":1,"featured_media":0,"parent":0,"menu_order":0,"comment_status":"closed","ping_status":"closed","template":"","meta":{"site-sidebar-layout":"no-sidebar","site-content-layout":"page-builder","ast-global-header-display":"","ast-main-header-display":"","ast-hfb-above-header-display":"","ast-hfb-below-header-display":"","ast-hfb-mobile-header-display":"","site-post-title":"disabled","ast-breadcrumbs-content":"","ast-featured-img":"disabled","footer-sml-layout":"","theme-transparent-header-meta":"","adv-header-id-meta":"","stick-header-meta":"","header-above-stick-meta":"","header-main-stick-meta":"","header-below-stick-meta":"","footnotes":""},"class_list":["post-452","page","type-page","status-publish","hentry"],"yoast_head":"<!-- This site is optimized with the Yoast SEO plugin v27.5 - https:\/\/yoast.com\/product\/yoast-seo-wordpress\/ -->\n<title>Mentions l\u00e9gales - AFRI<\/title>\n<meta name=\"robots\" content=\"index, follow, max-snippet:-1, max-image-preview:large, max-video-preview:-1\" \/>\n<link rel=\"canonical\" href=\"https:\/\/af-ri.fr\/?page_id=452\" \/>\n<meta property=\"og:locale\" content=\"fr_FR\" \/>\n<meta property=\"og:type\" content=\"article\" \/>\n<meta property=\"og:title\" content=\"Mentions l\u00e9gales - AFRI\" \/>\n<meta property=\"og:description\" content=\"Mentions l\u00e9gales Conform\u00e9ment aux dispositions des Articles 6-III et 19 de la Loi n\u00b02004-575 du 21 juin 2004 pour la Confiance dans l&rsquo;\u00e9conomie num\u00e9rique, dite L.C.E.N., il est port\u00e9 \u00e0 la connaissance des utilisateurs et visiteurs des solutions (Site web, application mobile, application tablette, et autres services propos\u00e9s) de la soci\u00e9t\u00e9 EOLE CONCEPT SAS les &hellip; Mentions l\u00e9gales Lire la suite\u00a0\u00bb\" \/>\n<meta property=\"og:url\" content=\"https:\/\/af-ri.fr\/?page_id=452\" \/>\n<meta property=\"og:site_name\" content=\"AFRI\" \/>\n<meta property=\"article:modified_time\" content=\"2022-09-01T08:07:31+00:00\" \/>\n<meta name=\"twitter:card\" content=\"summary_large_image\" \/>\n<meta name=\"twitter:label1\" content=\"Dur\u00e9e de lecture estim\u00e9e\" \/>\n\t<meta name=\"twitter:data1\" content=\"3 minutes\" \/>\n<script type=\"application\/ld+json\" class=\"yoast-schema-graph\">{\"@context\":\"https:\\\/\\\/schema.org\",\"@graph\":[{\"@type\":\"WebPage\",\"@id\":\"https:\\\/\\\/af-ri.fr\\\/?page_id=452\",\"url\":\"https:\\\/\\\/af-ri.fr\\\/?page_id=452\",\"name\":\"Mentions l\u00e9gales - AFRI\",\"isPartOf\":{\"@id\":\"https:\\\/\\\/af-ri.fr\\\/#website\"},\"datePublished\":\"2022-08-12T14:38:42+00:00\",\"dateModified\":\"2022-09-01T08:07:31+00:00\",\"breadcrumb\":{\"@id\":\"https:\\\/\\\/af-ri.fr\\\/?page_id=452#breadcrumb\"},\"inLanguage\":\"fr-FR\",\"potentialAction\":[{\"@type\":\"ReadAction\",\"target\":[\"https:\\\/\\\/af-ri.fr\\\/?page_id=452\"]}]},{\"@type\":\"BreadcrumbList\",\"@id\":\"https:\\\/\\\/af-ri.fr\\\/?page_id=452#breadcrumb\",\"itemListElement\":[{\"@type\":\"ListItem\",\"position\":1,\"name\":\"Home\",\"item\":\"https:\\\/\\\/af-ri.fr\\\/\"},{\"@type\":\"ListItem\",\"position\":2,\"name\":\"Mentions l\u00e9gales\"}]},{\"@type\":\"WebSite\",\"@id\":\"https:\\\/\\\/af-ri.fr\\\/#website\",\"url\":\"https:\\\/\\\/af-ri.fr\\\/\",\"name\":\"AFRI\",\"description\":\"\u2019Association Fran\u00e7aise des R\u00e9flexologues Ind\u00e9pendants\",\"potentialAction\":[{\"@type\":\"SearchAction\",\"target\":{\"@type\":\"EntryPoint\",\"urlTemplate\":\"https:\\\/\\\/af-ri.fr\\\/?s={search_term_string}\"},\"query-input\":{\"@type\":\"PropertyValueSpecification\",\"valueRequired\":true,\"valueName\":\"search_term_string\"}}],\"inLanguage\":\"fr-FR\"}]}<\/script>\n<!-- \/ Yoast SEO plugin. -->","yoast_head_json":{"title":"Mentions l\u00e9gales - AFRI","robots":{"index":"index","follow":"follow","max-snippet":"max-snippet:-1","max-image-preview":"max-image-preview:large","max-video-preview":"max-video-preview:-1"},"canonical":"https:\/\/af-ri.fr\/?page_id=452","og_locale":"fr_FR","og_type":"article","og_title":"Mentions l\u00e9gales - AFRI","og_description":"Mentions l\u00e9gales Conform\u00e9ment aux dispositions des Articles 6-III et 19 de la Loi n\u00b02004-575 du 21 juin 2004 pour la Confiance dans l&rsquo;\u00e9conomie num\u00e9rique, dite L.C.E.N., il est port\u00e9 \u00e0 la connaissance des utilisateurs et visiteurs des solutions (Site web, application mobile, application tablette, et autres services propos\u00e9s) de la soci\u00e9t\u00e9 EOLE CONCEPT SAS les &hellip; Mentions l\u00e9gales Lire la suite\u00a0\u00bb","og_url":"https:\/\/af-ri.fr\/?page_id=452","og_site_name":"AFRI","article_modified_time":"2022-09-01T08:07:31+00:00","twitter_card":"summary_large_image","twitter_misc":{"Dur\u00e9e de lecture estim\u00e9e":"3 minutes"},"schema":{"@context":"https:\/\/schema.org","@graph":[{"@type":"WebPage","@id":"https:\/\/af-ri.fr\/?page_id=452","url":"https:\/\/af-ri.fr\/?page_id=452","name":"Mentions l\u00e9gales - AFRI","isPartOf":{"@id":"https:\/\/af-ri.fr\/#website"},"datePublished":"2022-08-12T14:38:42+00:00","dateModified":"2022-09-01T08:07:31+00:00","breadcrumb":{"@id":"https:\/\/af-ri.fr\/?page_id=452#breadcrumb"},"inLanguage":"fr-FR","potentialAction":[{"@type":"ReadAction","target":["https:\/\/af-ri.fr\/?page_id=452"]}]},{"@type":"BreadcrumbList","@id":"https:\/\/af-ri.fr\/?page_id=452#breadcrumb","itemListElement":[{"@type":"ListItem","position":1,"name":"Home","item":"https:\/\/af-ri.fr\/"},{"@type":"ListItem","position":2,"name":"Mentions l\u00e9gales"}]},{"@type":"WebSite","@id":"https:\/\/af-ri.fr\/#website","url":"https:\/\/af-ri.fr\/","name":"AFRI","description":"\u2019Association Fran\u00e7aise des R\u00e9flexologues Ind\u00e9pendants","potentialAction":[{"@type":"SearchAction","target":{"@type":"EntryPoint","urlTemplate":"https:\/\/af-ri.fr\/?s={search_term_string}"},"query-input":{"@type":"PropertyValueSpecification","valueRequired":true,"valueName":"search_term_string"}}],"inLanguage":"fr-FR"}]}},"_links":{"self":[{"href":"https:\/\/af-ri.fr\/index.php?rest_route=\/wp\/v2\/pages\/452","targetHints":{"allow":["GET"]}}],"collection":[{"href":"https:\/\/af-ri.fr\/index.php?rest_route=\/wp\/v2\/pages"}],"about":[{"href":"https:\/\/af-ri.fr\/index.php?rest_route=\/wp\/v2\/types\/page"}],"author":[{"embeddable":true,"href":"https:\/\/af-ri.fr\/index.php?rest_route=\/wp\/v2\/users\/1"}],"replies":[{"embeddable":true,"href":"https:\/\/af-ri.fr\/index.php?rest_route=%2Fwp%2Fv2%2Fcomments&post=452"}],"version-history":[{"count":7,"href":"https:\/\/af-ri.fr\/index.php?rest_route=\/wp\/v2\/pages\/452\/revisions"}],"predecessor-version":[{"id":740,"href":"https:\/\/af-ri.fr\/index.php?rest_route=\/wp\/v2\/pages\/452\/revisions\/740"}],"wp:attachment":[{"href":"https:\/\/af-ri.fr\/index.php?rest_route=%2Fwp%2Fv2%2Fmedia&parent=452"}],"curies":[{"name":"wp","href":"https:\/\/api.w.org\/{rel}","templated":true}]}}