{"id":473,"date":"2022-08-18T11:39:45","date_gmt":"2022-08-18T11:39:45","guid":{"rendered":"https:\/\/af-ri.fr\/?page_id=473"},"modified":"2022-08-24T07:02:48","modified_gmt":"2022-08-24T07:02:48","slug":"pole-soins-de-support","status":"publish","type":"page","link":"https:\/\/af-ri.fr\/?page_id=473","title":{"rendered":"P\u00f4le Soins de Support"},"content":{"rendered":"\t\t<div data-elementor-type=\"wp-page\" data-elementor-id=\"473\" class=\"elementor elementor-473\">\n\t\t\t\t\t\t<section class=\"elementor-section elementor-top-section elementor-element elementor-element-671aeeb elementor-section-full_width elementor-section-height-min-height elementor-section-height-default elementor-section-items-middle\" data-id=\"671aeeb\" data-element_type=\"section\" data-e-type=\"section\" data-settings=\"{&quot;background_background&quot;:&quot;classic&quot;}\">\n\t\t\t\t\t\t<div class=\"elementor-container elementor-column-gap-default\">\n\t\t\t\t\t<div class=\"elementor-column elementor-col-50 elementor-top-column elementor-element elementor-element-c0c97b9\" data-id=\"c0c97b9\" data-element_type=\"column\" data-e-type=\"column\">\n\t\t\t<div class=\"elementor-widget-wrap\">\n\t\t\t\t\t\t\t<\/div>\n\t\t<\/div>\n\t\t\t\t<div class=\"elementor-column elementor-col-50 elementor-top-column elementor-element elementor-element-cf63504\" data-id=\"cf63504\" data-element_type=\"column\" data-e-type=\"column\">\n\t\t\t<div class=\"elementor-widget-wrap elementor-element-populated\">\n\t\t\t\t\t\t<div class=\"elementor-element elementor-element-03292e9 elementor-widget elementor-widget-heading\" data-id=\"03292e9\" data-element_type=\"widget\" data-e-type=\"widget\" data-widget_type=\"heading.default\">\n\t\t\t\t<div class=\"elementor-widget-container\">\n\t\t\t\t\t<h1 class=\"elementor-heading-title elementor-size-default\">P\u00f4le Soins de Support<\/h1>\t\t\t\t<\/div>\n\t\t\t\t<\/div>\n\t\t\t\t\t<\/div>\n\t\t<\/div>\n\t\t\t\t\t<\/div>\n\t\t<\/section>\n\t\t\t\t<section class=\"elementor-section elementor-top-section elementor-element elementor-element-35345dc elementor-section-boxed elementor-section-height-default elementor-section-height-default\" data-id=\"35345dc\" data-element_type=\"section\" data-e-type=\"section\">\n\t\t\t\t\t\t<div class=\"elementor-container elementor-column-gap-default\">\n\t\t\t\t\t<div class=\"elementor-column elementor-col-100 elementor-top-column elementor-element elementor-element-2bf5f92\" data-id=\"2bf5f92\" data-element_type=\"column\" data-e-type=\"column\">\n\t\t\t<div class=\"elementor-widget-wrap elementor-element-populated\">\n\t\t\t\t\t\t<div class=\"elementor-element elementor-element-bb50aa4 elementor-widget elementor-widget-heading\" data-id=\"bb50aa4\" data-element_type=\"widget\" data-e-type=\"widget\" data-widget_type=\"heading.default\">\n\t\t\t\t<div class=\"elementor-widget-container\">\n\t\t\t\t\t<h2 class=\"elementor-heading-title elementor-size-default\">Commission Soins de confort &amp; de Support \u2013 Education Th\u00e9rapeutique du Patient<\/h2>\t\t\t\t<\/div>\n\t\t\t\t<\/div>\n\t\t\t\t\t<\/div>\n\t\t<\/div>\n\t\t\t\t\t<\/div>\n\t\t<\/section>\n\t\t\t\t<section class=\"elementor-section elementor-top-section elementor-element elementor-element-3a3a29e elementor-section-boxed elementor-section-height-default elementor-section-height-default\" data-id=\"3a3a29e\" data-element_type=\"section\" data-e-type=\"section\">\n\t\t\t\t\t\t<div class=\"elementor-container elementor-column-gap-default\">\n\t\t\t\t\t<div class=\"elementor-column elementor-col-50 elementor-top-column elementor-element elementor-element-7f99f5a\" data-id=\"7f99f5a\" data-element_type=\"column\" data-e-type=\"column\">\n\t\t\t<div class=\"elementor-widget-wrap elementor-element-populated\">\n\t\t\t\t\t\t<div class=\"elementor-element elementor-element-831e8ef elementor-widget elementor-widget-spacer\" data-id=\"831e8ef\" data-element_type=\"widget\" data-e-type=\"widget\" data-widget_type=\"spacer.default\">\n\t\t\t\t<div class=\"elementor-widget-container\">\n\t\t\t\t\t\t\t<div class=\"elementor-spacer\">\n\t\t\t<div class=\"elementor-spacer-inner\"><\/div>\n\t\t<\/div>\n\t\t\t\t\t\t<\/div>\n\t\t\t\t<\/div>\n\t\t\t\t<div class=\"elementor-element elementor-element-d647631 elementor-widget elementor-widget-text-editor\" data-id=\"d647631\" data-element_type=\"widget\" data-e-type=\"widget\" data-widget_type=\"text-editor.default\">\n\t\t\t\t<div class=\"elementor-widget-container\">\n\t\t\t\t\t\t\t\t\t<p><span style=\"font-weight: 400;\">La R\u00e9flexologie est consid\u00e9r\u00e9e comme une pratique compl\u00e9mentaire de Relation d&rsquo;aide et d&rsquo;Accompagnement de la personne. Son objectif est de renforcer, pr\u00e9venir et soulager.<\/span><\/p><p><span style=\"font-weight: 400;\">Par son action, elle contribue ainsi \u00e0 renforcer la capacit\u00e9 qu&rsquo;a l&rsquo;organisme de s&rsquo;\u00e9quilibrer de mani\u00e8re naturelle. Elle participe \u00e0 abaisser le niveau d\u2019anxi\u00e9t\u00e9, source de nombreux troubles fonctionnels et am\u00e9liore le confort physique et psychologique de la personne. <\/span><\/p>\t\t\t\t\t\t\t\t<\/div>\n\t\t\t\t<\/div>\n\t\t\t\t\t<\/div>\n\t\t<\/div>\n\t\t\t\t<div class=\"elementor-column elementor-col-50 elementor-top-column elementor-element elementor-element-b6ebcc6\" data-id=\"b6ebcc6\" data-element_type=\"column\" data-e-type=\"column\">\n\t\t\t<div class=\"elementor-widget-wrap elementor-element-populated\">\n\t\t\t\t\t\t<div class=\"elementor-element elementor-element-05a33e2 elementor-widget elementor-widget-spacer\" data-id=\"05a33e2\" data-element_type=\"widget\" data-e-type=\"widget\" data-widget_type=\"spacer.default\">\n\t\t\t\t<div class=\"elementor-widget-container\">\n\t\t\t\t\t\t\t<div class=\"elementor-spacer\">\n\t\t\t<div class=\"elementor-spacer-inner\"><\/div>\n\t\t<\/div>\n\t\t\t\t\t\t<\/div>\n\t\t\t\t<\/div>\n\t\t\t\t<div class=\"elementor-element elementor-element-5c315df elementor-widget elementor-widget-image\" data-id=\"5c315df\" data-element_type=\"widget\" data-e-type=\"widget\" data-widget_type=\"image.default\">\n\t\t\t\t<div class=\"elementor-widget-container\">\n\t\t\t\t\t\t\t\t\t\t\t\t\t\t\t<img decoding=\"async\" width=\"180\" height=\"200\" src=\"https:\/\/af-ri.fr\/wp-content\/uploads\/2022\/08\/soulager-e1660290376745.png\" class=\"attachment-full size-full wp-image-398\" alt=\"\" \/>\t\t\t\t\t\t\t\t\t\t\t\t\t\t\t<\/div>\n\t\t\t\t<\/div>\n\t\t\t\t\t<\/div>\n\t\t<\/div>\n\t\t\t\t\t<\/div>\n\t\t<\/section>\n\t\t\t\t<section class=\"elementor-section elementor-top-section elementor-element elementor-element-c259310 elementor-section-boxed elementor-section-height-default elementor-section-height-default\" data-id=\"c259310\" data-element_type=\"section\" data-e-type=\"section\">\n\t\t\t\t\t\t<div class=\"elementor-container elementor-column-gap-default\">\n\t\t\t\t\t<div class=\"elementor-column elementor-col-100 elementor-top-column elementor-element elementor-element-77e4672\" data-id=\"77e4672\" data-element_type=\"column\" data-e-type=\"column\">\n\t\t\t<div class=\"elementor-widget-wrap elementor-element-populated\">\n\t\t\t\t\t\t<div class=\"elementor-element elementor-element-4c6df46 elementor-widget elementor-widget-spacer\" data-id=\"4c6df46\" data-element_type=\"widget\" data-e-type=\"widget\" data-widget_type=\"spacer.default\">\n\t\t\t\t<div class=\"elementor-widget-container\">\n\t\t\t\t\t\t\t<div class=\"elementor-spacer\">\n\t\t\t<div class=\"elementor-spacer-inner\"><\/div>\n\t\t<\/div>\n\t\t\t\t\t\t<\/div>\n\t\t\t\t<\/div>\n\t\t\t\t\t<\/div>\n\t\t<\/div>\n\t\t\t\t\t<\/div>\n\t\t<\/section>\n\t\t\t\t<section class=\"elementor-section elementor-top-section elementor-element elementor-element-1297c9e elementor-section-boxed elementor-section-height-default elementor-section-height-default\" data-id=\"1297c9e\" data-element_type=\"section\" data-e-type=\"section\">\n\t\t\t\t\t\t<div class=\"elementor-container elementor-column-gap-default\">\n\t\t\t\t\t<div class=\"elementor-column elementor-col-100 elementor-top-column elementor-element elementor-element-35d0d42\" data-id=\"35d0d42\" data-element_type=\"column\" data-e-type=\"column\">\n\t\t\t<div class=\"elementor-widget-wrap elementor-element-populated\">\n\t\t\t\t\t\t<div class=\"elementor-element elementor-element-9bf004e elementor-widget elementor-widget-text-editor\" data-id=\"9bf004e\" data-element_type=\"widget\" data-e-type=\"widget\" data-widget_type=\"text-editor.default\">\n\t\t\t\t<div class=\"elementor-widget-container\">\n\t\t\t\t\t\t\t\t\t<p style=\"text-align: left;\"><span style=\"font-weight: 400;\">La r\u00e9flexologie est de plus en plus int\u00e9gr\u00e9e dans le cadre d\u2019une prise en charge pluridisciplinaire dans le traitement de la maladie. Elle entre ainsi dans les soins de confort, de support et de bien-\u00eatre qui d\u00e9signent un ensemble de soins non m\u00e9dicamenteux visant \u00e0 am\u00e9liorer la qualit\u00e9 de vie des personnes <\/span><i><span style=\"font-weight: 400;\">(patients et de leurs proches)<\/span><\/i><span style=\"font-weight: 400;\">.<\/span><\/p><p style=\"text-align: left;\"><span style=\"font-weight: 400;\">Cette commission permet de proposer \u00e0 diff\u00e9rents publics : partenaires, acteurs et professionnels, \u2026 d\u2019envisager les possibilit\u00e9s de prise en charge des soins compl\u00e9mentaires par la r\u00e9flexologie et par les techniques de r\u00e9flexologies d\u2019autogestions adapt\u00e9es, dispens\u00e9es par des professionnels form\u00e9s.<\/span><\/p>\t\t\t\t\t\t\t\t<\/div>\n\t\t\t\t<\/div>\n\t\t\t\t\t<\/div>\n\t\t<\/div>\n\t\t\t\t\t<\/div>\n\t\t<\/section>\n\t\t\t\t<section class=\"elementor-section elementor-top-section elementor-element elementor-element-d87716f elementor-section-boxed elementor-section-height-default elementor-section-height-default\" data-id=\"d87716f\" data-element_type=\"section\" data-e-type=\"section\">\n\t\t\t\t\t\t<div class=\"elementor-container elementor-column-gap-default\">\n\t\t\t\t\t<div class=\"elementor-column elementor-col-50 elementor-top-column elementor-element elementor-element-e6e03d7\" data-id=\"e6e03d7\" data-element_type=\"column\" data-e-type=\"column\">\n\t\t\t<div class=\"elementor-widget-wrap elementor-element-populated\">\n\t\t\t\t\t\t<div class=\"elementor-element elementor-element-e62c19b elementor-widget elementor-widget-spacer\" data-id=\"e62c19b\" data-element_type=\"widget\" data-e-type=\"widget\" data-widget_type=\"spacer.default\">\n\t\t\t\t<div class=\"elementor-widget-container\">\n\t\t\t\t\t\t\t<div class=\"elementor-spacer\">\n\t\t\t<div class=\"elementor-spacer-inner\"><\/div>\n\t\t<\/div>\n\t\t\t\t\t\t<\/div>\n\t\t\t\t<\/div>\n\t\t\t\t<div class=\"elementor-element elementor-element-dced349 elementor-widget elementor-widget-heading\" data-id=\"dced349\" data-element_type=\"widget\" data-e-type=\"widget\" data-widget_type=\"heading.default\">\n\t\t\t\t<div class=\"elementor-widget-container\">\n\t\t\t\t\t<h2 class=\"elementor-heading-title elementor-size-default\">Son objectif :<\/h2>\t\t\t\t<\/div>\n\t\t\t\t<\/div>\n\t\t\t\t<div class=\"elementor-element elementor-element-bb086c6 elementor-widget elementor-widget-text-editor\" data-id=\"bb086c6\" data-element_type=\"widget\" data-e-type=\"widget\" data-widget_type=\"text-editor.default\">\n\t\t\t\t<div class=\"elementor-widget-container\">\n\t\t\t\t\t\t\t\t\t<p style=\"text-align: left;\"><span style=\"font-weight: 400;\">D\u00e9velopper des comp\u00e9tences et acqu\u00e9rir une posture adapt\u00e9e au public <br \/><\/span><span style=\"font-weight: 400;\">Ses moyens :<\/span><\/p><ul><li style=\"font-weight: 400; text-align: left;\" aria-level=\"1\"><span style=\"font-weight: 400;\">Mettre \u00e0 disposition des ressources destin\u00e9es aux professionnels (formations sp\u00e9cialis\u00e9es) et au grand public (informations et ateliers), ainsi que des r\u00e9seaux locaux et nationaux&#8230;<\/span><\/li><li style=\"font-weight: 400; text-align: left;\" aria-level=\"1\"><span style=\"font-weight: 400;\">Encourager les professionnels \u00e0 se former en continue<\/span><\/li><li style=\"font-weight: 400; text-align: left;\" aria-level=\"1\"><span style=\"font-weight: 400;\">Proposer des actions, des ateliers et les mettre en place (ex : \u00ab R\u00e9flexo Me\u00bb)<\/span><\/li><\/ul>\t\t\t\t\t\t\t\t<\/div>\n\t\t\t\t<\/div>\n\t\t\t\t\t<\/div>\n\t\t<\/div>\n\t\t\t\t<div class=\"elementor-column elementor-col-50 elementor-top-column elementor-element elementor-element-59dd6cc\" data-id=\"59dd6cc\" data-element_type=\"column\" data-e-type=\"column\">\n\t\t\t<div class=\"elementor-widget-wrap elementor-element-populated\">\n\t\t\t\t\t\t<div class=\"elementor-element elementor-element-ea45ffe elementor-widget elementor-widget-spacer\" data-id=\"ea45ffe\" data-element_type=\"widget\" data-e-type=\"widget\" data-widget_type=\"spacer.default\">\n\t\t\t\t<div class=\"elementor-widget-container\">\n\t\t\t\t\t\t\t<div class=\"elementor-spacer\">\n\t\t\t<div class=\"elementor-spacer-inner\"><\/div>\n\t\t<\/div>\n\t\t\t\t\t\t<\/div>\n\t\t\t\t<\/div>\n\t\t\t\t<div class=\"elementor-element elementor-element-0a6a91f elementor-widget elementor-widget-image\" data-id=\"0a6a91f\" data-element_type=\"widget\" data-e-type=\"widget\" data-widget_type=\"image.default\">\n\t\t\t\t<div class=\"elementor-widget-container\">\n\t\t\t\t\t\t\t\t\t\t\t\t\t\t\t<img fetchpriority=\"high\" decoding=\"async\" width=\"308\" height=\"277\" src=\"https:\/\/af-ri.fr\/wp-content\/uploads\/2022\/08\/goal.png\" class=\"attachment-large size-large wp-image-629\" alt=\"\" srcset=\"https:\/\/af-ri.fr\/wp-content\/uploads\/2022\/08\/goal.png 308w, https:\/\/af-ri.fr\/wp-content\/uploads\/2022\/08\/goal-300x270.png 300w\" sizes=\"(max-width: 308px) 100vw, 308px\" \/>\t\t\t\t\t\t\t\t\t\t\t\t\t\t\t<\/div>\n\t\t\t\t<\/div>\n\t\t\t\t\t<\/div>\n\t\t<\/div>\n\t\t\t\t\t<\/div>\n\t\t<\/section>\n\t\t\t\t<section class=\"elementor-section elementor-top-section elementor-element elementor-element-4ea15c2 elementor-section-boxed elementor-section-height-default elementor-section-height-default\" data-id=\"4ea15c2\" data-element_type=\"section\" data-e-type=\"section\">\n\t\t\t\t\t\t<div class=\"elementor-container elementor-column-gap-default\">\n\t\t\t\t\t<div class=\"elementor-column elementor-col-100 elementor-top-column elementor-element elementor-element-4c81de9\" data-id=\"4c81de9\" data-element_type=\"column\" data-e-type=\"column\">\n\t\t\t<div class=\"elementor-widget-wrap elementor-element-populated\">\n\t\t\t\t\t\t<div class=\"elementor-element elementor-element-cf07ed9 elementor-widget elementor-widget-spacer\" data-id=\"cf07ed9\" data-element_type=\"widget\" data-e-type=\"widget\" data-widget_type=\"spacer.default\">\n\t\t\t\t<div class=\"elementor-widget-container\">\n\t\t\t\t\t\t\t<div class=\"elementor-spacer\">\n\t\t\t<div class=\"elementor-spacer-inner\"><\/div>\n\t\t<\/div>\n\t\t\t\t\t\t<\/div>\n\t\t\t\t<\/div>\n\t\t\t\t\t<\/div>\n\t\t<\/div>\n\t\t\t\t\t<\/div>\n\t\t<\/section>\n\t\t\t\t<\/div>\n\t\t","protected":false},"excerpt":{"rendered":"<p>P\u00f4le Soins de Support Commission Soins de confort &#038; de Support \u2013 Education Th\u00e9rapeutique du Patient La R\u00e9flexologie est consid\u00e9r\u00e9e comme une pratique compl\u00e9mentaire de Relation d&rsquo;aide et d&rsquo;Accompagnement de la personne. Son objectif est de renforcer, pr\u00e9venir et soulager. Par son action, elle contribue ainsi \u00e0 renforcer la capacit\u00e9 qu&rsquo;a l&rsquo;organisme de s&rsquo;\u00e9quilibrer de &hellip;<\/p>\n<p class=\"read-more\"> <a class=\"\" href=\"https:\/\/af-ri.fr\/?page_id=473\"> <span class=\"screen-reader-text\">P\u00f4le Soins de Support<\/span> Lire la suite\u00a0\u00bb<\/a><\/p>\n","protected":false},"author":1,"featured_media":0,"parent":0,"menu_order":0,"comment_status":"closed","ping_status":"closed","template":"","meta":{"site-sidebar-layout":"no-sidebar","site-content-layout":"page-builder","ast-global-header-display":"","ast-main-header-display":"","ast-hfb-above-header-display":"","ast-hfb-below-header-display":"","ast-hfb-mobile-header-display":"","site-post-title":"disabled","ast-breadcrumbs-content":"","ast-featured-img":"disabled","footer-sml-layout":"","theme-transparent-header-meta":"","adv-header-id-meta":"","stick-header-meta":"","header-above-stick-meta":"","header-main-stick-meta":"","header-below-stick-meta":"","footnotes":""},"class_list":["post-473","page","type-page","status-publish","hentry"],"yoast_head":"<!-- This site is optimized with the Yoast SEO plugin v27.4 - https:\/\/yoast.com\/product\/yoast-seo-wordpress\/ -->\n<title>P\u00f4le Soins de Support - AFRI<\/title>\n<meta name=\"robots\" content=\"index, follow, max-snippet:-1, max-image-preview:large, max-video-preview:-1\" \/>\n<link rel=\"canonical\" href=\"https:\/\/af-ri.fr\/?page_id=473\" \/>\n<meta property=\"og:locale\" content=\"fr_FR\" \/>\n<meta property=\"og:type\" content=\"article\" \/>\n<meta property=\"og:title\" content=\"P\u00f4le Soins de Support - AFRI\" \/>\n<meta property=\"og:description\" content=\"P\u00f4le Soins de Support Commission Soins de confort &#038; de Support \u2013 Education Th\u00e9rapeutique du Patient La R\u00e9flexologie est consid\u00e9r\u00e9e comme une pratique compl\u00e9mentaire de Relation d&rsquo;aide et d&rsquo;Accompagnement de la personne. Son objectif est de renforcer, pr\u00e9venir et soulager. Par son action, elle contribue ainsi \u00e0 renforcer la capacit\u00e9 qu&rsquo;a l&rsquo;organisme de s&rsquo;\u00e9quilibrer de &hellip; P\u00f4le Soins de Support Lire la suite\u00a0\u00bb\" \/>\n<meta property=\"og:url\" content=\"https:\/\/af-ri.fr\/?page_id=473\" \/>\n<meta property=\"og:site_name\" content=\"AFRI\" \/>\n<meta property=\"article:modified_time\" content=\"2022-08-24T07:02:48+00:00\" \/>\n<meta property=\"og:image\" content=\"http:\/\/af-ri.fr\/wp-content\/uploads\/2022\/08\/soulager-e1660290376745.png\" \/>\n<meta name=\"twitter:card\" content=\"summary_large_image\" \/>\n<meta name=\"twitter:label1\" content=\"Dur\u00e9e de lecture estim\u00e9e\" \/>\n\t<meta name=\"twitter:data1\" content=\"2 minutes\" \/>\n<script type=\"application\/ld+json\" class=\"yoast-schema-graph\">{\"@context\":\"https:\\\/\\\/schema.org\",\"@graph\":[{\"@type\":\"WebPage\",\"@id\":\"https:\\\/\\\/af-ri.fr\\\/?page_id=473\",\"url\":\"https:\\\/\\\/af-ri.fr\\\/?page_id=473\",\"name\":\"P\u00f4le Soins de Support - AFRI\",\"isPartOf\":{\"@id\":\"https:\\\/\\\/af-ri.fr\\\/#website\"},\"primaryImageOfPage\":{\"@id\":\"https:\\\/\\\/af-ri.fr\\\/?page_id=473#primaryimage\"},\"image\":{\"@id\":\"https:\\\/\\\/af-ri.fr\\\/?page_id=473#primaryimage\"},\"thumbnailUrl\":\"http:\\\/\\\/af-ri.fr\\\/wp-content\\\/uploads\\\/2022\\\/08\\\/soulager-e1660290376745.png\",\"datePublished\":\"2022-08-18T11:39:45+00:00\",\"dateModified\":\"2022-08-24T07:02:48+00:00\",\"breadcrumb\":{\"@id\":\"https:\\\/\\\/af-ri.fr\\\/?page_id=473#breadcrumb\"},\"inLanguage\":\"fr-FR\",\"potentialAction\":[{\"@type\":\"ReadAction\",\"target\":[\"https:\\\/\\\/af-ri.fr\\\/?page_id=473\"]}]},{\"@type\":\"ImageObject\",\"inLanguage\":\"fr-FR\",\"@id\":\"https:\\\/\\\/af-ri.fr\\\/?page_id=473#primaryimage\",\"url\":\"http:\\\/\\\/af-ri.fr\\\/wp-content\\\/uploads\\\/2022\\\/08\\\/soulager-e1660290376745.png\",\"contentUrl\":\"http:\\\/\\\/af-ri.fr\\\/wp-content\\\/uploads\\\/2022\\\/08\\\/soulager-e1660290376745.png\"},{\"@type\":\"BreadcrumbList\",\"@id\":\"https:\\\/\\\/af-ri.fr\\\/?page_id=473#breadcrumb\",\"itemListElement\":[{\"@type\":\"ListItem\",\"position\":1,\"name\":\"Home\",\"item\":\"https:\\\/\\\/af-ri.fr\\\/\"},{\"@type\":\"ListItem\",\"position\":2,\"name\":\"P\u00f4le Soins de Support\"}]},{\"@type\":\"WebSite\",\"@id\":\"https:\\\/\\\/af-ri.fr\\\/#website\",\"url\":\"https:\\\/\\\/af-ri.fr\\\/\",\"name\":\"AFRI\",\"description\":\"\u2019Association Fran\u00e7aise des R\u00e9flexologues Ind\u00e9pendants\",\"potentialAction\":[{\"@type\":\"SearchAction\",\"target\":{\"@type\":\"EntryPoint\",\"urlTemplate\":\"https:\\\/\\\/af-ri.fr\\\/?s={search_term_string}\"},\"query-input\":{\"@type\":\"PropertyValueSpecification\",\"valueRequired\":true,\"valueName\":\"search_term_string\"}}],\"inLanguage\":\"fr-FR\"}]}<\/script>\n<!-- \/ Yoast SEO plugin. -->","yoast_head_json":{"title":"P\u00f4le Soins de Support - AFRI","robots":{"index":"index","follow":"follow","max-snippet":"max-snippet:-1","max-image-preview":"max-image-preview:large","max-video-preview":"max-video-preview:-1"},"canonical":"https:\/\/af-ri.fr\/?page_id=473","og_locale":"fr_FR","og_type":"article","og_title":"P\u00f4le Soins de Support - AFRI","og_description":"P\u00f4le Soins de Support Commission Soins de confort &#038; de Support \u2013 Education Th\u00e9rapeutique du Patient La R\u00e9flexologie est consid\u00e9r\u00e9e comme une pratique compl\u00e9mentaire de Relation d&rsquo;aide et d&rsquo;Accompagnement de la personne. Son objectif est de renforcer, pr\u00e9venir et soulager. Par son action, elle contribue ainsi \u00e0 renforcer la capacit\u00e9 qu&rsquo;a l&rsquo;organisme de s&rsquo;\u00e9quilibrer de &hellip; P\u00f4le Soins de Support Lire la suite\u00a0\u00bb","og_url":"https:\/\/af-ri.fr\/?page_id=473","og_site_name":"AFRI","article_modified_time":"2022-08-24T07:02:48+00:00","og_image":[{"url":"http:\/\/af-ri.fr\/wp-content\/uploads\/2022\/08\/soulager-e1660290376745.png","type":"","width":"","height":""}],"twitter_card":"summary_large_image","twitter_misc":{"Dur\u00e9e de lecture estim\u00e9e":"2 minutes"},"schema":{"@context":"https:\/\/schema.org","@graph":[{"@type":"WebPage","@id":"https:\/\/af-ri.fr\/?page_id=473","url":"https:\/\/af-ri.fr\/?page_id=473","name":"P\u00f4le Soins de Support - AFRI","isPartOf":{"@id":"https:\/\/af-ri.fr\/#website"},"primaryImageOfPage":{"@id":"https:\/\/af-ri.fr\/?page_id=473#primaryimage"},"image":{"@id":"https:\/\/af-ri.fr\/?page_id=473#primaryimage"},"thumbnailUrl":"http:\/\/af-ri.fr\/wp-content\/uploads\/2022\/08\/soulager-e1660290376745.png","datePublished":"2022-08-18T11:39:45+00:00","dateModified":"2022-08-24T07:02:48+00:00","breadcrumb":{"@id":"https:\/\/af-ri.fr\/?page_id=473#breadcrumb"},"inLanguage":"fr-FR","potentialAction":[{"@type":"ReadAction","target":["https:\/\/af-ri.fr\/?page_id=473"]}]},{"@type":"ImageObject","inLanguage":"fr-FR","@id":"https:\/\/af-ri.fr\/?page_id=473#primaryimage","url":"http:\/\/af-ri.fr\/wp-content\/uploads\/2022\/08\/soulager-e1660290376745.png","contentUrl":"http:\/\/af-ri.fr\/wp-content\/uploads\/2022\/08\/soulager-e1660290376745.png"},{"@type":"BreadcrumbList","@id":"https:\/\/af-ri.fr\/?page_id=473#breadcrumb","itemListElement":[{"@type":"ListItem","position":1,"name":"Home","item":"https:\/\/af-ri.fr\/"},{"@type":"ListItem","position":2,"name":"P\u00f4le Soins de Support"}]},{"@type":"WebSite","@id":"https:\/\/af-ri.fr\/#website","url":"https:\/\/af-ri.fr\/","name":"AFRI","description":"\u2019Association Fran\u00e7aise des R\u00e9flexologues Ind\u00e9pendants","potentialAction":[{"@type":"SearchAction","target":{"@type":"EntryPoint","urlTemplate":"https:\/\/af-ri.fr\/?s={search_term_string}"},"query-input":{"@type":"PropertyValueSpecification","valueRequired":true,"valueName":"search_term_string"}}],"inLanguage":"fr-FR"}]}},"_links":{"self":[{"href":"https:\/\/af-ri.fr\/index.php?rest_route=\/wp\/v2\/pages\/473","targetHints":{"allow":["GET"]}}],"collection":[{"href":"https:\/\/af-ri.fr\/index.php?rest_route=\/wp\/v2\/pages"}],"about":[{"href":"https:\/\/af-ri.fr\/index.php?rest_route=\/wp\/v2\/types\/page"}],"author":[{"embeddable":true,"href":"https:\/\/af-ri.fr\/index.php?rest_route=\/wp\/v2\/users\/1"}],"replies":[{"embeddable":true,"href":"https:\/\/af-ri.fr\/index.php?rest_route=%2Fwp%2Fv2%2Fcomments&post=473"}],"version-history":[{"count":10,"href":"https:\/\/af-ri.fr\/index.php?rest_route=\/wp\/v2\/pages\/473\/revisions"}],"predecessor-version":[{"id":635,"href":"https:\/\/af-ri.fr\/index.php?rest_route=\/wp\/v2\/pages\/473\/revisions\/635"}],"wp:attachment":[{"href":"https:\/\/af-ri.fr\/index.php?rest_route=%2Fwp%2Fv2%2Fmedia&parent=473"}],"curies":[{"name":"wp","href":"https:\/\/api.w.org\/{rel}","templated":true}]}}