{"id":73,"date":"2022-08-01T08:44:59","date_gmt":"2022-08-01T08:44:59","guid":{"rendered":"http:\/\/af-ri.fr\/?page_id=73"},"modified":"2022-08-12T14:38:38","modified_gmt":"2022-08-12T14:38:38","slug":"cookies","status":"publish","type":"page","link":"https:\/\/af-ri.fr\/?page_id=73","title":{"rendered":"Cookies"},"content":{"rendered":"\t\t<div data-elementor-type=\"wp-page\" data-elementor-id=\"73\" class=\"elementor elementor-73\">\n\t\t\t\t\t\t<section class=\"elementor-section elementor-top-section elementor-element elementor-element-9e9b0db elementor-section-full_width elementor-section-height-min-height elementor-section-height-default elementor-section-items-middle\" data-id=\"9e9b0db\" data-element_type=\"section\" data-e-type=\"section\" data-settings=\"{&quot;background_background&quot;:&quot;classic&quot;}\">\n\t\t\t\t\t\t<div class=\"elementor-container elementor-column-gap-default\">\n\t\t\t\t\t<div class=\"elementor-column elementor-col-50 elementor-top-column elementor-element elementor-element-7a3ce34\" data-id=\"7a3ce34\" data-element_type=\"column\" data-e-type=\"column\">\n\t\t\t<div class=\"elementor-widget-wrap\">\n\t\t\t\t\t\t\t<\/div>\n\t\t<\/div>\n\t\t\t\t<div class=\"elementor-column elementor-col-50 elementor-top-column elementor-element elementor-element-8ef8bf8\" data-id=\"8ef8bf8\" data-element_type=\"column\" data-e-type=\"column\">\n\t\t\t<div class=\"elementor-widget-wrap elementor-element-populated\">\n\t\t\t\t\t\t<div class=\"elementor-element elementor-element-ed3c9db elementor-widget elementor-widget-heading\" data-id=\"ed3c9db\" data-element_type=\"widget\" data-e-type=\"widget\" data-widget_type=\"heading.default\">\n\t\t\t\t<div class=\"elementor-widget-container\">\n\t\t\t\t\t<h1 class=\"elementor-heading-title elementor-size-default\">Cookies<\/h1>\t\t\t\t<\/div>\n\t\t\t\t<\/div>\n\t\t\t\t\t<\/div>\n\t\t<\/div>\n\t\t\t\t\t<\/div>\n\t\t<\/section>\n\t\t\t\t<section class=\"elementor-section elementor-top-section elementor-element elementor-element-5ce2455 elementor-section-boxed elementor-section-height-default elementor-section-height-default\" data-id=\"5ce2455\" data-element_type=\"section\" data-e-type=\"section\">\n\t\t\t\t\t\t<div class=\"elementor-container elementor-column-gap-default\">\n\t\t\t\t\t<div class=\"elementor-column elementor-col-100 elementor-top-column elementor-element elementor-element-42ef869\" data-id=\"42ef869\" data-element_type=\"column\" data-e-type=\"column\">\n\t\t\t<div class=\"elementor-widget-wrap elementor-element-populated\">\n\t\t\t\t\t\t<div class=\"elementor-element elementor-element-7b92baf elementor-widget elementor-widget-text-editor\" data-id=\"7b92baf\" data-element_type=\"widget\" data-e-type=\"widget\" data-widget_type=\"text-editor.default\">\n\t\t\t\t<div class=\"elementor-widget-container\">\n\t\t\t\t\t\t\t\t\t<p><strong>Politique d&rsquo;utilisation des cookies<\/strong><\/p><p>Ce site utilise des cookies. Les cookies am\u00e9liorent l&rsquo;exp\u00e9rience utilisateur et aident \u00e0 rendre ce site plus performant. En continuant \u00e0 utiliser ce site, vous acceptez notre <a href=\"https:\/\/af-ri.fr\/?page_id=3\">politique de confidentialit\u00e9<\/a><\/p><p>\u00a0<\/p><p><strong>N\u00e9cessaires<\/strong><\/p><p>Les cookies strictement n\u00e9cessaires garantissent le bon fonctionnement des \u00e9l\u00e9ments de ce site Web. Par cons\u00e9quent, ces cookies ne peuvent pas \u00eatre d\u00e9sactiv\u00e9s. Ils sont utilis\u00e9s par ce site Web exclusivement et sont donc des cookies internes, ce qui signifie que toute information enregistr\u00e9e par ces cookies sera renvoy\u00e9e vers ce site Web.<\/p><p>Aucun cookie dans cette cat\u00e9gorie<\/p><p><strong>Fonctionnels<\/strong><\/p><p>Les cookies fonctionnels permettent \u00e0 ce site Web de vous proposer certaines fonctions et de stocker des informations d\u00e9j\u00e0 fournies (comme un nom ou la s\u00e9lection de la langue) afin de vous offrir des fonctions am\u00e9lior\u00e9es et personnalis\u00e9es.<\/p><p>Aucun cookie dans cette cat\u00e9gorie<\/p><p><strong>Marketing \/ Tiers<\/strong><\/p><p>Les cookies marketing \/ tiers proviennent d&rsquo;agences de publicit\u00e9s externes (entre autres) et servent \u00e0 recueillir des informations sur les sites Web que vous visitez, afin de cr\u00e9er, par exemple, des publicit\u00e9s cibl\u00e9es pour vous.<\/p><p>Aucun cookie dans cette cat\u00e9gorie<\/p><p><strong>Performance<\/strong><\/p><p>Les cookies de performance recueillent des informations sur l&rsquo;utilisation d&rsquo;une page Web. Nous les utilisons pour mieux comprendre comment nos pages sont utilis\u00e9es, afin d&rsquo;am\u00e9liorer leur contenu et leur fonctionnalit\u00e9.<\/p><p>Google Analytics<\/p><p>Ces cookies recueillent des donn\u00e9es anonymes afin d&rsquo;analyser comment les visiteurs utilisent et interagissent sur ce site Web. Prestataire : Google LLC, 1600 Amphitheatre Parkway, Mountain View, CA 94043, \u00c9tats-Unis ou, si vous r\u00e9sidez dans l&rsquo;UE, Google Ireland Limited, Gordon House, Barrow Street, Dublin 4, Irlande. Nom(s) du cookie :_ga, _gat and _gid) Dur\u00e9e de vie du cookie : 2 ans<\/p><p><a href=\"https:\/\/policies.google.com\/technologies\/cookies\">Politique d&rsquo;utilisation des cookies \u00a0 \u00a0 \u00a0 <\/a><a href=\"https:\/\/policies.google.com\/privacy\">Politique de confidentialit\u00e9<\/a><\/p><p>\u00a0<\/p>\t\t\t\t\t\t\t\t<\/div>\n\t\t\t\t<\/div>\n\t\t\t\t\t<\/div>\n\t\t<\/div>\n\t\t\t\t\t<\/div>\n\t\t<\/section>\n\t\t\t\t<\/div>\n\t\t","protected":false},"excerpt":{"rendered":"<p>Cookies Politique d&rsquo;utilisation des cookies Ce site utilise des cookies. Les cookies am\u00e9liorent l&rsquo;exp\u00e9rience utilisateur et aident \u00e0 rendre ce site plus performant. En continuant \u00e0 utiliser ce site, vous acceptez notre politique de confidentialit\u00e9 \u00a0 N\u00e9cessaires Les cookies strictement n\u00e9cessaires garantissent le bon fonctionnement des \u00e9l\u00e9ments de ce site Web. Par cons\u00e9quent, ces cookies &hellip;<\/p>\n<p class=\"read-more\"> <a class=\"\" href=\"https:\/\/af-ri.fr\/?page_id=73\"> <span class=\"screen-reader-text\">Cookies<\/span> Lire la suite\u00a0\u00bb<\/a><\/p>\n","protected":false},"author":1,"featured_media":0,"parent":0,"menu_order":0,"comment_status":"closed","ping_status":"closed","template":"","meta":{"site-sidebar-layout":"no-sidebar","site-content-layout":"page-builder","ast-global-header-display":"","ast-main-header-display":"","ast-hfb-above-header-display":"","ast-hfb-below-header-display":"","ast-hfb-mobile-header-display":"","site-post-title":"disabled","ast-breadcrumbs-content":"","ast-featured-img":"disabled","footer-sml-layout":"","theme-transparent-header-meta":"","adv-header-id-meta":"","stick-header-meta":"","header-above-stick-meta":"","header-main-stick-meta":"","header-below-stick-meta":"","footnotes":""},"class_list":["post-73","page","type-page","status-publish","hentry"],"yoast_head":"<!-- This site is optimized with the Yoast SEO plugin v27.6 - https:\/\/yoast.com\/product\/yoast-seo-wordpress\/ -->\n<title>Cookies - AFRI<\/title>\n<meta name=\"robots\" content=\"index, follow, max-snippet:-1, max-image-preview:large, max-video-preview:-1\" \/>\n<link rel=\"canonical\" href=\"https:\/\/af-ri.fr\/?page_id=73\" \/>\n<meta property=\"og:locale\" content=\"fr_FR\" \/>\n<meta property=\"og:type\" content=\"article\" \/>\n<meta property=\"og:title\" content=\"Cookies - AFRI\" \/>\n<meta property=\"og:description\" content=\"Cookies Politique d&rsquo;utilisation des cookies Ce site utilise des cookies. Les cookies am\u00e9liorent l&rsquo;exp\u00e9rience utilisateur et aident \u00e0 rendre ce site plus performant. En continuant \u00e0 utiliser ce site, vous acceptez notre politique de confidentialit\u00e9 \u00a0 N\u00e9cessaires Les cookies strictement n\u00e9cessaires garantissent le bon fonctionnement des \u00e9l\u00e9ments de ce site Web. Par cons\u00e9quent, ces cookies &hellip; Cookies Lire la suite\u00a0\u00bb\" \/>\n<meta property=\"og:url\" content=\"https:\/\/af-ri.fr\/?page_id=73\" \/>\n<meta property=\"og:site_name\" content=\"AFRI\" \/>\n<meta property=\"article:modified_time\" content=\"2022-08-12T14:38:38+00:00\" \/>\n<meta name=\"twitter:card\" content=\"summary_large_image\" \/>\n<meta name=\"twitter:label1\" content=\"Dur\u00e9e de lecture estim\u00e9e\" \/>\n\t<meta name=\"twitter:data1\" content=\"2 minutes\" \/>\n<script type=\"application\/ld+json\" class=\"yoast-schema-graph\">{\"@context\":\"https:\\\/\\\/schema.org\",\"@graph\":[{\"@type\":\"WebPage\",\"@id\":\"https:\\\/\\\/af-ri.fr\\\/?page_id=73\",\"url\":\"https:\\\/\\\/af-ri.fr\\\/?page_id=73\",\"name\":\"Cookies - AFRI\",\"isPartOf\":{\"@id\":\"https:\\\/\\\/af-ri.fr\\\/#website\"},\"datePublished\":\"2022-08-01T08:44:59+00:00\",\"dateModified\":\"2022-08-12T14:38:38+00:00\",\"breadcrumb\":{\"@id\":\"https:\\\/\\\/af-ri.fr\\\/?page_id=73#breadcrumb\"},\"inLanguage\":\"fr-FR\",\"potentialAction\":[{\"@type\":\"ReadAction\",\"target\":[\"https:\\\/\\\/af-ri.fr\\\/?page_id=73\"]}]},{\"@type\":\"BreadcrumbList\",\"@id\":\"https:\\\/\\\/af-ri.fr\\\/?page_id=73#breadcrumb\",\"itemListElement\":[{\"@type\":\"ListItem\",\"position\":1,\"name\":\"Home\",\"item\":\"https:\\\/\\\/af-ri.fr\\\/\"},{\"@type\":\"ListItem\",\"position\":2,\"name\":\"Cookies\"}]},{\"@type\":\"WebSite\",\"@id\":\"https:\\\/\\\/af-ri.fr\\\/#website\",\"url\":\"https:\\\/\\\/af-ri.fr\\\/\",\"name\":\"AFRI\",\"description\":\"\u2019Association Fran\u00e7aise des R\u00e9flexologues Ind\u00e9pendants\",\"potentialAction\":[{\"@type\":\"SearchAction\",\"target\":{\"@type\":\"EntryPoint\",\"urlTemplate\":\"https:\\\/\\\/af-ri.fr\\\/?s={search_term_string}\"},\"query-input\":{\"@type\":\"PropertyValueSpecification\",\"valueRequired\":true,\"valueName\":\"search_term_string\"}}],\"inLanguage\":\"fr-FR\"}]}<\/script>\n<!-- \/ Yoast SEO plugin. -->","yoast_head_json":{"title":"Cookies - AFRI","robots":{"index":"index","follow":"follow","max-snippet":"max-snippet:-1","max-image-preview":"max-image-preview:large","max-video-preview":"max-video-preview:-1"},"canonical":"https:\/\/af-ri.fr\/?page_id=73","og_locale":"fr_FR","og_type":"article","og_title":"Cookies - AFRI","og_description":"Cookies Politique d&rsquo;utilisation des cookies Ce site utilise des cookies. Les cookies am\u00e9liorent l&rsquo;exp\u00e9rience utilisateur et aident \u00e0 rendre ce site plus performant. En continuant \u00e0 utiliser ce site, vous acceptez notre politique de confidentialit\u00e9 \u00a0 N\u00e9cessaires Les cookies strictement n\u00e9cessaires garantissent le bon fonctionnement des \u00e9l\u00e9ments de ce site Web. Par cons\u00e9quent, ces cookies &hellip; Cookies Lire la suite\u00a0\u00bb","og_url":"https:\/\/af-ri.fr\/?page_id=73","og_site_name":"AFRI","article_modified_time":"2022-08-12T14:38:38+00:00","twitter_card":"summary_large_image","twitter_misc":{"Dur\u00e9e de lecture estim\u00e9e":"2 minutes"},"schema":{"@context":"https:\/\/schema.org","@graph":[{"@type":"WebPage","@id":"https:\/\/af-ri.fr\/?page_id=73","url":"https:\/\/af-ri.fr\/?page_id=73","name":"Cookies - AFRI","isPartOf":{"@id":"https:\/\/af-ri.fr\/#website"},"datePublished":"2022-08-01T08:44:59+00:00","dateModified":"2022-08-12T14:38:38+00:00","breadcrumb":{"@id":"https:\/\/af-ri.fr\/?page_id=73#breadcrumb"},"inLanguage":"fr-FR","potentialAction":[{"@type":"ReadAction","target":["https:\/\/af-ri.fr\/?page_id=73"]}]},{"@type":"BreadcrumbList","@id":"https:\/\/af-ri.fr\/?page_id=73#breadcrumb","itemListElement":[{"@type":"ListItem","position":1,"name":"Home","item":"https:\/\/af-ri.fr\/"},{"@type":"ListItem","position":2,"name":"Cookies"}]},{"@type":"WebSite","@id":"https:\/\/af-ri.fr\/#website","url":"https:\/\/af-ri.fr\/","name":"AFRI","description":"\u2019Association Fran\u00e7aise des R\u00e9flexologues Ind\u00e9pendants","potentialAction":[{"@type":"SearchAction","target":{"@type":"EntryPoint","urlTemplate":"https:\/\/af-ri.fr\/?s={search_term_string}"},"query-input":{"@type":"PropertyValueSpecification","valueRequired":true,"valueName":"search_term_string"}}],"inLanguage":"fr-FR"}]}},"_links":{"self":[{"href":"https:\/\/af-ri.fr\/index.php?rest_route=\/wp\/v2\/pages\/73","targetHints":{"allow":["GET"]}}],"collection":[{"href":"https:\/\/af-ri.fr\/index.php?rest_route=\/wp\/v2\/pages"}],"about":[{"href":"https:\/\/af-ri.fr\/index.php?rest_route=\/wp\/v2\/types\/page"}],"author":[{"embeddable":true,"href":"https:\/\/af-ri.fr\/index.php?rest_route=\/wp\/v2\/users\/1"}],"replies":[{"embeddable":true,"href":"https:\/\/af-ri.fr\/index.php?rest_route=%2Fwp%2Fv2%2Fcomments&post=73"}],"version-history":[{"count":7,"href":"https:\/\/af-ri.fr\/index.php?rest_route=\/wp\/v2\/pages\/73\/revisions"}],"predecessor-version":[{"id":458,"href":"https:\/\/af-ri.fr\/index.php?rest_route=\/wp\/v2\/pages\/73\/revisions\/458"}],"wp:attachment":[{"href":"https:\/\/af-ri.fr\/index.php?rest_route=%2Fwp%2Fv2%2Fmedia&parent=73"}],"curies":[{"name":"wp","href":"https:\/\/api.w.org\/{rel}","templated":true}]}}